{"id":1096,"date":"2023-04-20T20:11:04","date_gmt":"2023-04-20T20:11:04","guid":{"rendered":"https:\/\/loytravel.tur.ar\/?page_id=1096"},"modified":"2023-05-03T12:42:46","modified_gmt":"2023-05-03T12:42:46","slug":"clientes","status":"publish","type":"page","link":"https:\/\/loytravel.tur.ar\/usuarios\/","title":{"rendered":"Clientes"},"content":{"rendered":"\t\t<div data-elementor-type=\"wp-page\" data-elementor-id=\"1096\" class=\"elementor elementor-1096\">\n\t\t\t\t\t\t<section class=\"elementor-section elementor-top-section elementor-element elementor-element-e5c938d elementor-section-full_width elementor-section-height-min-height elementor-section-stretched elementor-section-height-default elementor-section-items-middle\" data-id=\"e5c938d\" data-element_type=\"section\" data-e-type=\"section\" data-settings=\"{&quot;stretch_section&quot;:&quot;section-stretched&quot;,&quot;background_background&quot;:&quot;classic&quot;}\">\n\t\t\t\t\t\t\t<div class=\"elementor-background-overlay\"><\/div>\n\t\t\t\t\t\t\t<div class=\"elementor-container elementor-column-gap-default\">\n\t\t\t\t\t<div class=\"elementor-column elementor-col-100 elementor-top-column elementor-element elementor-element-4067f92\" data-id=\"4067f92\" data-element_type=\"column\" data-e-type=\"column\">\n\t\t\t<div class=\"elementor-widget-wrap elementor-element-populated\">\n\t\t\t\t\t\t<div class=\"elementor-element elementor-element-b711bd0 elementor-widget elementor-widget-text-editor\" data-id=\"b711bd0\" data-element_type=\"widget\" data-e-type=\"widget\" data-widget_type=\"text-editor.default\">\n\t\t\t\t<div class=\"elementor-widget-container\">\n\t\t\t\t\t\t\t\t\t<p>Al acceder con usuario y clave aparecer\u00e1 su galer\u00eda de fotos en el men\u00fa superior<\/p>\t\t\t\t\t\t\t\t<\/div>\n\t\t\t\t<\/div>\n\t\t\t\t<div class=\"elementor-element elementor-element-d687c6b elementor-widget elementor-widget-shortcode\" data-id=\"d687c6b\" data-element_type=\"widget\" data-e-type=\"widget\" data-widget_type=\"shortcode.default\">\n\t\t\t\t<div class=\"elementor-widget-container\">\n\t\t\t\t\t\t\t<div class=\"elementor-shortcode\"><div id=\"wppb-login-wrap\" class=\"wppb-user-forms\">\n\t\t<form name=\"wppb-loginform\" id=\"wppb-loginform\" class=\"\" action=\"https:\/\/loytravel.tur.ar\/usuarios\/wp-json\/wp\/v2\/pages\/1096\" method=\"post\">\n\t\t\t\n\t\t\t<p class=\"wppb-form-field login-username\">\n\t\t\t\t<label for=\"wppb_user_login\">Usuario o email<\/label>\n\t\t\t\t<input type=\"text\" name=\"log\" id=\"wppb_user_login\" class=\"input\" value=\"\" size=\"20\" \/>\n\t\t\t<\/p>\n\t\t\t<p class=\"wppb-form-field login-password\">\n\t\t\t\t<label for=\"wppb_user_pass\">Clave<\/label>\n\t\t\t\t<span class=\"wppb-password-field-container\">\n\t\t\t\t    <input type=\"password\" name=\"pwd\" id=\"wppb_user_pass\" class=\"input\" value=\"\" size=\"20\" \/>\n\t\t\t\t     <!-- add the HTML for the visibility toggle -->\n\t\t\t\t<\/span>\n            <\/p>\n\t\t\t\n\t\t\t\n\t\t\t<p class=\"wppb-form-field login-remember\"><input name=\"rememberme\" type=\"checkbox\" id=\"rememberme\" value=\"forever\" \/><label for=\"rememberme\">Recordar<\/label><\/p>\n\t\t\t<p class=\"login-submit form-submit\">\n\t\t\t\t<input type=\"submit\" name=\"wp-submit\" id=\"wppb-submit\" class=\"button button-primary\" value=\"Ingresar\"\" \/>\n\t\t\t\t<input type=\"hidden\" name=\"redirect_to\" value=\"https:\/\/loytravel.tur.ar\/usuarios\/wp-json\/wp\/v2\/pages\/1096\" \/>\n\t\t\t<\/p>\n\t\t\t<input type=\"hidden\" name=\"wppb_login\" value=\"true\"\/>\n\t\t\t<input type=\"hidden\" name=\"wppb_form_location\" value=\"widget\"\/>\n\t\t\t<input type=\"hidden\" name=\"wppb_request_url\" value=\"https:\/\/loytravel.tur.ar\/usuarios\/wp-json\/wp\/v2\/pages\/1096\"\/>\n\t\t\t<input type=\"hidden\" name=\"wppb_lostpassword_url\" value=\"\"\/>\n\t\t\t<input type=\"hidden\" name=\"wppb_redirect_priority\" value=\"\"\/>\n\t\t\t<input type=\"hidden\" name=\"wppb_referer_url\" value=\"\"\/>\n\t\t\t<input type=\"hidden\" id=\"CSRFToken-wppb\" name=\"CSRFToken-wppb\" value=\"85762afcf0\" \/><input type=\"hidden\" name=\"_wp_http_referer\" value=\"\/usuarios\/wp-json\/wp\/v2\/pages\/1096\" \/>\n\t\t\t<input type=\"hidden\" name=\"wppb_redirect_check\" value=\"true\"\/>\n\t\t\t\n\t\t<\/form><\/div> <\/div>\n\t\t\t\t\t\t<\/div>\n\t\t\t\t<\/div>\n\t\t\t\t\t<\/div>\n\t\t<\/div>\n\t\t\t\t\t<\/div>\n\t\t<\/section>\n\t\t\t\t<\/div>\n\t\t","protected":false},"excerpt":{"rendered":"<p>Al acceder con usuario y clave aparecer\u00e1 su galer\u00eda de fotos en el men\u00fa superior<\/p>\n","protected":false},"author":2,"featured_media":0,"parent":0,"menu_order":0,"comment_status":"closed","ping_status":"closed","template":"elementor_header_footer","meta":{"footnotes":""},"class_list":["post-1096","page","type-page","status-publish","hentry"],"_links":{"self":[{"href":"https:\/\/loytravel.tur.ar\/usuarios\/wp-json\/wp\/v2\/pages\/1096","targetHints":{"allow":["GET"]}}],"collection":[{"href":"https:\/\/loytravel.tur.ar\/usuarios\/wp-json\/wp\/v2\/pages"}],"about":[{"href":"https:\/\/loytravel.tur.ar\/usuarios\/wp-json\/wp\/v2\/types\/page"}],"author":[{"embeddable":true,"href":"https:\/\/loytravel.tur.ar\/usuarios\/wp-json\/wp\/v2\/users\/2"}],"replies":[{"embeddable":true,"href":"https:\/\/loytravel.tur.ar\/usuarios\/wp-json\/wp\/v2\/comments?post=1096"}],"version-history":[{"count":34,"href":"https:\/\/loytravel.tur.ar\/usuarios\/wp-json\/wp\/v2\/pages\/1096\/revisions"}],"predecessor-version":[{"id":1343,"href":"https:\/\/loytravel.tur.ar\/usuarios\/wp-json\/wp\/v2\/pages\/1096\/revisions\/1343"}],"wp:attachment":[{"href":"https:\/\/loytravel.tur.ar\/usuarios\/wp-json\/wp\/v2\/media?parent=1096"}],"curies":[{"name":"wp","href":"https:\/\/api.w.org\/{rel}","templated":true}]}}